{"id":73,"date":"2024-08-12T16:51:32","date_gmt":"2024-08-12T16:51:32","guid":{"rendered":"https:\/\/csillagautosuli.hu\/?page_id=73"},"modified":"2026-03-06T15:03:20","modified_gmt":"2026-03-06T15:03:20","slug":"motoros-oktatas","status":"publish","type":"page","link":"https:\/\/csillagautosuli.hu\/?page_id=73","title":{"rendered":"Motoros oktat\u00e1s"},"content":{"rendered":"\n<div class=\"wp-block-columns alignwide are-vertically-aligned-center is-layout-flex wp-container-core-columns-is-layout-28f84493 wp-block-columns-is-layout-flex\">\n<div class=\"wp-block-column is-vertically-aligned-center is-layout-flow wp-block-column-is-layout-flow\">\n<div class=\"wp-block-columns is-layout-flex wp-container-core-columns-is-layout-28f84493 wp-block-columns-is-layout-flex\">\n<div class=\"wp-block-column is-layout-flow wp-block-column-is-layout-flow\">\n<figure class=\"wp-block-image aligncenter size-full has-custom-border\"><img loading=\"lazy\" decoding=\"async\" width=\"586\" height=\"480\" src=\"https:\/\/csillagautosuli.hu\/wp-content\/uploads\/2024\/08\/suzukiaddress50.jpg\" alt=\"suzuki address\" class=\"wp-image-74\" style=\"border-radius:10px\" srcset=\"https:\/\/csillagautosuli.hu\/wp-content\/uploads\/2024\/08\/suzukiaddress50.jpg 586w, https:\/\/csillagautosuli.hu\/wp-content\/uploads\/2024\/08\/suzukiaddress50-300x246.jpg 300w\" sizes=\"auto, (max-width: 586px) 100vw, 586px\" \/><\/figure>\n<\/div>\n\n\n\n<div class=\"wp-block-column is-layout-flow wp-block-column-is-layout-flow\">\n<div style=\"height:54px\" aria-hidden=\"true\" class=\"wp-block-spacer\"><\/div>\n\n\n\n<p class=\"has-text-align-center\">,,AM&#8221; kateg\u00f3ria eset\u00e9n<\/p>\n\n\n\n<p class=\"has-text-align-center\">Suzuki Address 50<\/p>\n\n\n\n<div style=\"height:88px\" aria-hidden=\"true\" class=\"wp-block-spacer\"><\/div>\n<\/div>\n<\/div>\n<\/div>\n\n\n\n<div class=\"wp-block-column is-vertically-aligned-center is-layout-flow wp-block-column-is-layout-flow\">\n<div class=\"wp-block-columns is-layout-flex wp-container-core-columns-is-layout-28f84493 wp-block-columns-is-layout-flex\">\n<div class=\"wp-block-column is-layout-flow wp-block-column-is-layout-flow\">\n<figure class=\"wp-block-image aligncenter size-large is-resized has-custom-border\"><img loading=\"lazy\" decoding=\"async\" width=\"1024\" height=\"947\" src=\"https:\/\/csillagautosuli.hu\/wp-content\/uploads\/2024\/08\/HondaCG125-1024x947.jpg\" alt=\"\" class=\"wp-image-75\" style=\"border-radius:10px;width:280px;height:auto\" srcset=\"https:\/\/csillagautosuli.hu\/wp-content\/uploads\/2024\/08\/HondaCG125-1024x947.jpg 1024w, https:\/\/csillagautosuli.hu\/wp-content\/uploads\/2024\/08\/HondaCG125-300x277.jpg 300w, https:\/\/csillagautosuli.hu\/wp-content\/uploads\/2024\/08\/HondaCG125-768x710.jpg 768w, https:\/\/csillagautosuli.hu\/wp-content\/uploads\/2024\/08\/HondaCG125.jpg 1378w\" sizes=\"auto, (max-width: 1024px) 100vw, 1024px\" \/><\/figure>\n<\/div>\n\n\n\n<div class=\"wp-block-column is-layout-flow wp-block-column-is-layout-flow\">\n<div style=\"height:54px\" aria-hidden=\"true\" class=\"wp-block-spacer\"><\/div>\n\n\n\n<p class=\"has-text-align-center\">,,A1&#8243; kateg\u00f3ria eset\u00e9n<\/p>\n\n\n\n<p class=\"has-text-align-center\">Honda CG 125<\/p>\n\n\n\n<div style=\"height:100px\" aria-hidden=\"true\" class=\"wp-block-spacer\"><\/div>\n<\/div>\n<\/div>\n<\/div>\n<\/div>\n\n\n\n<div class=\"wp-block-columns alignwide is-layout-flex wp-container-core-columns-is-layout-28f84493 wp-block-columns-is-layout-flex\">\n<div class=\"wp-block-column is-layout-flow wp-block-column-is-layout-flow\">\n<div class=\"wp-block-columns is-layout-flex wp-container-core-columns-is-layout-28f84493 wp-block-columns-is-layout-flex\">\n<div class=\"wp-block-column is-layout-flow wp-block-column-is-layout-flow\">\n<figure class=\"wp-block-image aligncenter size-full is-resized has-custom-border\"><img loading=\"lazy\" decoding=\"async\" width=\"2000\" height=\"1500\" src=\"https:\/\/csillagautosuli.hu\/wp-content\/uploads\/2024\/08\/hondacbf.jpg\" alt=\"\" class=\"wp-image-133\" style=\"border-radius:10px;width:297px;height:auto\" srcset=\"https:\/\/csillagautosuli.hu\/wp-content\/uploads\/2024\/08\/hondacbf.jpg 2000w, https:\/\/csillagautosuli.hu\/wp-content\/uploads\/2024\/08\/hondacbf-300x225.jpg 300w, https:\/\/csillagautosuli.hu\/wp-content\/uploads\/2024\/08\/hondacbf-1024x768.jpg 1024w, https:\/\/csillagautosuli.hu\/wp-content\/uploads\/2024\/08\/hondacbf-768x576.jpg 768w, https:\/\/csillagautosuli.hu\/wp-content\/uploads\/2024\/08\/hondacbf-1536x1152.jpg 1536w\" sizes=\"auto, (max-width: 2000px) 100vw, 2000px\" \/><\/figure>\n<\/div>\n\n\n\n<div class=\"wp-block-column is-layout-flow wp-block-column-is-layout-flow\">\n<div style=\"height:54px\" aria-hidden=\"true\" class=\"wp-block-spacer\"><\/div>\n\n\n\n<p class=\"has-text-align-center\">,,A2&#8243; kateg\u00f3ria eset\u00e9n<\/p>\n\n\n\n<p class=\"has-text-align-center\">Honda CBF 500<\/p>\n\n\n\n<div style=\"height:37px\" aria-hidden=\"true\" class=\"wp-block-spacer\"><\/div>\n<\/div>\n<\/div>\n<\/div>\n\n\n\n<div class=\"wp-block-column is-layout-flow wp-block-column-is-layout-flow\">\n<div class=\"wp-block-columns is-layout-flex wp-container-core-columns-is-layout-28f84493 wp-block-columns-is-layout-flex\">\n<div class=\"wp-block-column is-layout-flow wp-block-column-is-layout-flow\">\n<figure class=\"wp-block-image aligncenter size-full has-custom-border\"><img loading=\"lazy\" decoding=\"async\" width=\"1024\" height=\"700\" src=\"https:\/\/csillagautosuli.hu\/wp-content\/uploads\/2024\/08\/Honda-CBF-500.jpg\" alt=\"\" class=\"wp-image-76\" style=\"border-radius:10px\" srcset=\"https:\/\/csillagautosuli.hu\/wp-content\/uploads\/2024\/08\/Honda-CBF-500.jpg 1024w, https:\/\/csillagautosuli.hu\/wp-content\/uploads\/2024\/08\/Honda-CBF-500-300x205.jpg 300w, https:\/\/csillagautosuli.hu\/wp-content\/uploads\/2024\/08\/Honda-CBF-500-768x525.jpg 768w\" sizes=\"auto, (max-width: 1024px) 100vw, 1024px\" \/><\/figure>\n<\/div>\n\n\n\n<div class=\"wp-block-column is-layout-flow wp-block-column-is-layout-flow\">\n<div style=\"height:54px\" aria-hidden=\"true\" class=\"wp-block-spacer\"><\/div>\n\n\n\n<p class=\"has-text-align-center\">,,A&#8221; kateg\u00f3ria eset\u00e9n<\/p>\n\n\n\n<p class=\"has-text-align-center\">Honda CBF 600<\/p>\n\n\n\n<div style=\"height:45px\" aria-hidden=\"true\" class=\"wp-block-spacer\"><\/div>\n<\/div>\n<\/div>\n<\/div>\n<\/div>\n\n\n\n<div style=\"height:44px\" aria-hidden=\"true\" class=\"wp-block-spacer\"><\/div>\n\n\n\n<div class=\"wp-block-columns alignfull has-base-2-background-color has-background is-layout-flex wp-container-core-columns-is-layout-28f84493 wp-block-columns-is-layout-flex\">\n<div class=\"wp-block-column is-layout-flow wp-block-column-is-layout-flow\">\n<div style=\"height:20px\" aria-hidden=\"true\" class=\"wp-block-spacer\"><\/div>\n\n\n\n<figure class=\"wp-block-image aligncenter size-full is-style-rounded is-style-rounded--1\"><img loading=\"lazy\" decoding=\"async\" width=\"672\" height=\"372\" src=\"https:\/\/csillagautosuli.hu\/wp-content\/uploads\/2024\/08\/motorosoktato2.jpg\" alt=\"\" class=\"wp-image-161\" srcset=\"https:\/\/csillagautosuli.hu\/wp-content\/uploads\/2024\/08\/motorosoktato2.jpg 672w, https:\/\/csillagautosuli.hu\/wp-content\/uploads\/2024\/08\/motorosoktato2-300x166.jpg 300w\" sizes=\"auto, (max-width: 672px) 100vw, 672px\" \/><\/figure>\n\n\n\n<div style=\"height:20px\" aria-hidden=\"true\" class=\"wp-block-spacer\"><\/div>\n<\/div>\n\n\n\n<div class=\"wp-block-column is-layout-flow wp-block-column-is-layout-flow\">\n<div style=\"height:112px\" aria-hidden=\"true\" class=\"wp-block-spacer\"><\/div>\n\n\n\n<h3 class=\"wp-block-heading has-text-align-center\"><strong>Motoros oktat\u00f3<\/strong><\/h3>\n\n\n\n<div style=\"height:34px\" aria-hidden=\"true\" class=\"wp-block-spacer\"><\/div>\n\n\n\n<p class=\"has-text-align-center\"><strong>N\u00e9v: <\/strong>Sz\u0171cs Gergely <br><strong>Telefon:<\/strong> +36 30 555 8384<\/p>\n\n\n\n<div style=\"height:127px\" aria-hidden=\"true\" class=\"wp-block-spacer\"><\/div>\n<\/div>\n<\/div>\n\n\n\n<div class=\"wp-block-group is-vertical is-content-justification-center is-layout-flex wp-container-core-group-is-layout-52b864f0 wp-block-group-is-layout-flex\">\n<h2 class=\"wp-block-heading has-text-align-center is-style-asterisk has-base-background-color has-background\">N\u00e9h\u00e1ny fontos tudnival\u00f3 \u00e9s alapvet\u0151 k\u00f6vetelm\u00e9ny<\/h2>\n\n\n\n<p class=\"has-text-align-center\">Motorker\u00e9kp\u00e1r (AM, A1, A2, A) kateg\u00f3ria<\/p>\n<\/div>\n\n\n\n<div class=\"wp-block-group alignfull has-base-background-color has-background has-global-padding is-layout-constrained wp-container-core-group-is-layout-669513ed wp-block-group-is-layout-constrained\" style=\"margin-top:0;margin-bottom:0;padding-top:var(--wp--preset--spacing--50);padding-right:var(--wp--preset--spacing--50);padding-bottom:var(--wp--preset--spacing--50);padding-left:var(--wp--preset--spacing--50)\">\n<div style=\"margin-top:0;margin-bottom:0;height:32px\" aria-hidden=\"true\" class=\"wp-block-spacer\"><\/div>\n\n\n\n<div class=\"wp-block-columns alignwide is-layout-flex wp-container-core-columns-is-layout-d0bbbce0 wp-block-columns-is-layout-flex\">\n<div class=\"wp-block-column is-layout-flow wp-container-core-column-is-layout-e3d1c41b wp-block-column-is-layout-flow\">\n<h3 class=\"wp-block-heading has-text-align-left is-style-asterisk has-body-font-family has-medium-font-size\" style=\"font-style:normal;font-weight:600\">\u00c9letkor<\/h3>\n\n\n\n<p class=\"has-text-align-left\">Tanfolyamra csak az vehet\u0151 fel, aki a k\u00fcl\u00f6n jogszab\u00e1lyban meghat\u00e1rozott \u00e9letkort (AM 14 \u00e9v, A1 16 \u00e9v, A2 18 \u00e9v, A 24 \u00e9v) bet\u00f6lt\u00f6tte, vagy ann\u00e1l legfeljebb 6 h\u00f3nappal fiatalabb. Elm\u00e9leti vizsg\u00e1ra az bocs\u00e1that\u00f3, aki az el\u0151irt \u00e9letkorn\u00e1l legfeljebb 3 h\u00f3nappal fiatalabb \u00e9s az elm\u00e9leti k\u00e9pz\u00e9st tantermi k\u00e9pz\u00e9s vagy e-learning k\u00e9pz\u00e9s form\u00e1j\u00e1ban elv\u00e9gezte. Gyakorlati vizsg\u00e1t az \u00e9letkor bet\u00f6lt\u00e9s\u00e9t k\u00f6vet\u0151en tehet a hallgat\u00f3, kiv\u00e9ve \u201eAM\u201d kateg\u00f3ria j\u00e1rm\u0171kezel\u00e9si vizsg\u00e1j\u00e1t<\/p>\n\n\n\n<p class=\"has-text-align-left\"><\/p>\n<\/div>\n\n\n\n<div class=\"wp-block-column is-layout-flow wp-container-core-column-is-layout-e3d1c41b wp-block-column-is-layout-flow\">\n<h3 class=\"wp-block-heading has-text-align-left is-style-asterisk has-body-font-family has-medium-font-size\" style=\"font-style:normal;font-weight:600\">Iskolai v\u00e9gzetts\u00e9g<\/h3>\n\n\n\n<p class=\"has-text-align-left\">a beiratkoz\u00e1shoz nyilatkozattal, majd legk\u00e9s\u0151bb az els\u0151 elm\u00e9leti vizsg\u00e1n hitelt \u00e9rdeml\u0151en (okm\u00e1ny eredeti-, vagy k\u00f6zjegyz\u0151 vagy a ki\u00e1ll\u00edt\u00f3 \u00e1ltal hiteles\u00edtett-,) min. alapfok\u00fa iskolai v\u00e9gzetts\u00e9get (8.\u00e1lt.) kell igazolni, kiv\u00e9ve az \u201eAM\u201d kateg\u00f3ri\u00e1hoz. K\u00fclf\u00f6ldi<br>bizony\u00edtv\u00e1nyok \u00e9s oklevelek eset\u00e9n a GKM rendeletben meghat\u00e1rozottak szerint.<\/p>\n\n\n\n<p class=\"has-text-align-left\"><\/p>\n<\/div>\n\n\n\n<div class=\"wp-block-column is-layout-flow wp-container-core-column-is-layout-e3d1c41b wp-block-column-is-layout-flow\">\n<h3 class=\"wp-block-heading has-text-align-left is-style-asterisk has-body-font-family has-medium-font-size\" style=\"font-style:normal;font-weight:600\">Orvosi alkalmass\u00e1g<\/h3>\n\n\n\n<p class=\"has-text-align-left\">A jel\u00f6lt csak min. e\u00fc: 1 csoport\u00fa orvosi alkalmass\u00e1gi vizsg\u00e1lat eredm\u00e9nyess\u00e9ge alapj\u00e1n jelenthet\u0151 elm\u00e9leti vizsg\u00e1ra. (H\u00e1ziorvos, \u00fczemorvos, szakrendel\u00e9s,) A vizsg\u00e1lat d\u00edja: 7200,- Ft. (35\/2013. (II. 14.) Korm. rendelet)<\/p>\n<\/div>\n<\/div>\n\n\n\n<div style=\"height:var(--wp--preset--spacing--20)\" aria-hidden=\"true\" class=\"wp-block-spacer\"><\/div>\n\n\n\n<div class=\"wp-block-columns alignwide is-layout-flex wp-container-core-columns-is-layout-d0bbbce0 wp-block-columns-is-layout-flex\">\n<div class=\"wp-block-column is-layout-flow wp-container-core-column-is-layout-e3d1c41b wp-block-column-is-layout-flow\">\n<h3 class=\"wp-block-heading has-text-align-left is-style-asterisk has-body-font-family has-medium-font-size\" style=\"font-style:normal;font-weight:600\">Tan- \u00e9s vizsgad\u00edjting<\/h3>\n\n\n\n<p class=\"has-text-align-left\">A tand\u00edjakat k\u00e9szp\u00e9nz befizet\u00e9ssel vagy \u00e1tutal\u00e1ssal kell teljes\u00edteni, amelyhez r\u00e9szletfizet\u00e9si kedvezm\u00e9nyt biztos\u00edtunk A vizsgad\u00edjakat, a vizsgabizotts\u00e1g p\u00e9nzt\u00e1r\u00e1ban, k\u00e9szp\u00e9nzben kell el\u0151re megfizetni. \u00f6sszeg\u00e9t a a 84\/2009( XII.30) KHEM rendelet szab\u00e1lyozza. \u00c9rv\u00e9nyes tand\u00edjakat az a)mell\u00e9klet tartalmazza. A vizsgad\u00edjakat a 84\/2009. (XII. 30.) KHEM rendelet szab\u00e1lyozza<\/p>\n<\/div>\n\n\n\n<div class=\"wp-block-column is-layout-flow wp-container-core-column-is-layout-e3d1c41b wp-block-column-is-layout-flow\">\n<h3 class=\"wp-block-heading has-text-align-left is-style-asterisk has-body-font-family has-medium-font-size\" style=\"font-style:normal;font-weight:600\">Els\u0151seg\u00e9lyny\u00fajt\u00f3 tanfolyam<\/h3>\n\n\n\n<p class=\"has-text-align-left\">A tanulm\u00e1nyok megkezd\u00e9se el\u0151tt, alatt, ut\u00e1n (teh\u00e1t b\u00e1rmikor) a V\u00f6r\u00f6skereszt \u00e1ltal szervezett els\u0151seg\u00e9lyny\u00fajt\u00f3 tanfolyamon kell r\u00e9szt vennie: Tanfolyam d\u00edja: 13.000-Ft majd ezt k\u00f6vet\u0151 Vizsgad\u00edja : 19.990- Ft. (Vizsga al\u00f3l mentes\u00edt\u00e9st kaphat a jogszab\u00e1lyokban el\u0151\u00edrt esetekben.)<br><\/p>\n<\/div>\n\n\n\n<div class=\"wp-block-column is-layout-flow wp-container-core-column-is-layout-e3d1c41b wp-block-column-is-layout-flow\">\n<h3 class=\"wp-block-heading has-text-align-left is-style-asterisk has-body-font-family has-medium-font-size\" style=\"font-style:normal;font-weight:600\">Gyakorlati k\u00e9pz\u00e9s<\/h3>\n\n\n\n<p class=\"has-text-align-left\">A j\u00e1rm\u0171vezet\u00e9si gyakorlat oktat\u00e1sa csak valamennyi elm\u00e9leti tant\u00e1rgyb\u00f3l tett sikeres vizsga ut\u00e1n a tanul\u00f3 nev\u00e9re ki\u00e1ll\u00edtott, az aut\u00f3siskola \u00e1ltal ki\u00e1ll\u00edtott, hiteles\u00edtett vezet\u00e9si karton birtok\u00e1ban, szakoktat\u00f3 fel\u00fcgyelete mellett kezdhet\u0151 meg.<\/p>\n<\/div>\n<\/div>\n\n\n\n<div style=\"height:46px\" aria-hidden=\"true\" class=\"wp-block-spacer\"><\/div>\n\n\n\n<p class=\"has-text-align-center\"><strong>B\u0151vebb inform\u00e1ci\u00f3kat az \u00edr\u00e1sos t\u00e1j\u00e9koztat\u00f3ban tal\u00e1lja:<\/strong><\/p>\n\n\n\n<div class=\"wp-block-buttons is-content-justification-center is-layout-flex wp-container-core-buttons-is-layout-a89b3969 wp-block-buttons-is-layout-flex\">\n<div class=\"wp-block-button is-style-outline is-style-outline--2\"><a class=\"wp-block-button__link has-text-align-center wp-element-button\" href=\"https:\/\/csillagautosuli.hu\/wp-content\/uploads\/2026\/03\/tajekoztato.pdf\" target=\"_blank\" rel=\"noopener noreferrer noopener\">T\u00e1j\u00e9koztat\u00f3 megnyit\u00e1sa<\/a><\/div>\n<\/div>\n<\/div>\n\n\n\n<div class=\"wp-block-group alignfull has-base-2-background-color has-background has-global-padding is-layout-constrained wp-block-group-is-layout-constrained\">\n<div style=\"height:59px\" aria-hidden=\"true\" class=\"wp-block-spacer\"><\/div>\n\n\n\n<h4 class=\"wp-block-heading\"><strong>A k\u00e9tkerek\u0171 j\u00e1rm\u0171vek vezet\u0151inek oktat\u00e1sa sor\u00e1n a tanul\u00f3 felszerel\u00e9se:<\/strong><\/h4>\n\n\n\n<ul class=\"wp-block-list\">\n<li>buk\u00f3sisak<\/li>\n\n\n\n<li>szem\u00fcveg (a buk\u00f3sisak kialak\u00edt\u00e1s\u00e1t\u00f3l f\u00fcgg\u0151en)<\/li>\n\n\n\n<li>protektoros hossz\u00fanadr\u00e1g (nadr\u00e1gba vagy nadr\u00e1gra illeszthet\u0151 t\u00e9rdprotektorral)<\/li>\n\n\n\n<li>protektoros dzseki, (dzsekibe vagy dzsekire illeszthet\u0151 k\u00f6ny\u00f6k- \u00e9s gerincprotektorral)<\/li>\n\n\n\n<li>protektoros keszty\u0171<\/li>\n\n\n\n<li>magas sz\u00e1r\u00fa, z\u00e1rt cip\u0151 vagy csizma<\/li>\n\n\n\n<li>el\u00f6l-h\u00e1tul \u201e<strong>T<\/strong>\u201d bet\u0171jelz\u00e9ssel ell\u00e1tott, tanul\u00f3nk\u00e9nt elt\u00e9r\u0151 sz\u00edn\u0171 vagy sz\u00e1mozott tanul\u00f3mell\u00e9ny<\/li>\n\n\n\n<li>a f\u0151oktat\u00e1s \u00e9s a vizsga sor\u00e1n a tanul\u00f3 \u00e9s az oktat\u00f3 k\u00f6z\u00f6tti kapcsolatot r\u00e1di\u00f3 ad\u00f3-vev\u0151 k\u00e9sz\u00fcl\u00e9kkel kell biztos\u00edtani<\/li>\n<\/ul>\n\n\n\n<p><strong>Amennyiben a tanul\u00f3 nem rendelkezik saj\u00e1t felszerel\u00e9ssel, \u00fagy azt a k\u00e9pz\u00e9s idej\u00e9re a gyakorlati oktat\u00f3ja 5000,- Ft-\u00e9rt biztos\u00edtja sz\u00e1m\u00e1ra.<\/strong><\/p>\n\n\n\n<div style=\"height:43px\" aria-hidden=\"true\" class=\"wp-block-spacer\"><\/div>\n<\/div>\n","protected":false},"excerpt":{"rendered":"<p>,,AM&#8221; kateg\u00f3ria eset\u00e9n Suzuki Address 50 ,,A1&#8243; kateg\u00f3ria eset\u00e9n Honda CG 125 ,,A2&#8243; kateg\u00f3ria eset\u00e9n Honda CBF 500 ,,A&#8221; kateg\u00f3ria eset\u00e9n Honda CBF 600 Motoros oktat\u00f3 N\u00e9v: Sz\u0171cs Gergely Telefon: +36 30 555 8384 N\u00e9h\u00e1ny fontos tudnival\u00f3 \u00e9s alapvet\u0151 k\u00f6vetelm\u00e9ny Motorker\u00e9kp\u00e1r (AM, A1, A2, A) kateg\u00f3ria \u00c9letkor Tanfolyamra csak az vehet\u0151 fel, aki a k\u00fcl\u00f6n [&hellip;]<\/p>\n","protected":false},"author":1,"featured_media":0,"parent":0,"menu_order":0,"comment_status":"closed","ping_status":"closed","template":"","meta":{"footnotes":""},"class_list":["post-73","page","type-page","status-publish","hentry"],"_links":{"self":[{"href":"https:\/\/csillagautosuli.hu\/index.php?rest_route=\/wp\/v2\/pages\/73","targetHints":{"allow":["GET"]}}],"collection":[{"href":"https:\/\/csillagautosuli.hu\/index.php?rest_route=\/wp\/v2\/pages"}],"about":[{"href":"https:\/\/csillagautosuli.hu\/index.php?rest_route=\/wp\/v2\/types\/page"}],"author":[{"embeddable":true,"href":"https:\/\/csillagautosuli.hu\/index.php?rest_route=\/wp\/v2\/users\/1"}],"replies":[{"embeddable":true,"href":"https:\/\/csillagautosuli.hu\/index.php?rest_route=%2Fwp%2Fv2%2Fcomments&post=73"}],"version-history":[{"count":21,"href":"https:\/\/csillagautosuli.hu\/index.php?rest_route=\/wp\/v2\/pages\/73\/revisions"}],"predecessor-version":[{"id":308,"href":"https:\/\/csillagautosuli.hu\/index.php?rest_route=\/wp\/v2\/pages\/73\/revisions\/308"}],"wp:attachment":[{"href":"https:\/\/csillagautosuli.hu\/index.php?rest_route=%2Fwp%2Fv2%2Fmedia&parent=73"}],"curies":[{"name":"wp","href":"https:\/\/api.w.org\/{rel}","templated":true}]}}