{"id":59,"date":"2024-08-12T15:43:02","date_gmt":"2024-08-12T15:43:02","guid":{"rendered":"https:\/\/csillagautosuli.hu\/?page_id=59"},"modified":"2026-03-06T15:02:20","modified_gmt":"2026-03-06T15:02:20","slug":"autosok-oktatas","status":"publish","type":"page","link":"https:\/\/csillagautosuli.hu\/?page_id=59","title":{"rendered":"Aut\u00f3s oktat\u00e1s"},"content":{"rendered":"\n<div class=\"wp-block-columns alignwide is-layout-flex wp-container-core-columns-is-layout-28f84493 wp-block-columns-is-layout-flex\">\n<div class=\"wp-block-column is-layout-flow wp-block-column-is-layout-flow\">\n<figure class=\"wp-block-image size-large has-custom-border is-style-rounded is-style-rounded--1\"><img loading=\"lazy\" decoding=\"async\" width=\"2560\" height=\"1440\" src=\"https:\/\/csillagautosuli.hu\/wp-content\/uploads\/2024\/08\/opel_uj-edited-1-scaled.jpg\" alt=\"\" class=\"wp-image-255\" style=\"border-radius:10px\" srcset=\"https:\/\/csillagautosuli.hu\/wp-content\/uploads\/2024\/08\/opel_uj-edited-1-scaled.jpg 2560w, https:\/\/csillagautosuli.hu\/wp-content\/uploads\/2024\/08\/opel_uj-edited-1-300x169.jpg 300w, https:\/\/csillagautosuli.hu\/wp-content\/uploads\/2024\/08\/opel_uj-edited-1-1024x576.jpg 1024w, https:\/\/csillagautosuli.hu\/wp-content\/uploads\/2024\/08\/opel_uj-edited-1-768x432.jpg 768w, https:\/\/csillagautosuli.hu\/wp-content\/uploads\/2024\/08\/opel_uj-edited-1-1536x864.jpg 1536w, https:\/\/csillagautosuli.hu\/wp-content\/uploads\/2024\/08\/opel_uj-edited-1-2048x1152.jpg 2048w\" sizes=\"auto, (max-width: 2560px) 100vw, 2560px\" \/><\/figure>\n<\/div>\n\n\n\n<div class=\"wp-block-column is-layout-flow wp-block-column-is-layout-flow\">\n<div style=\"height:26px\" aria-hidden=\"true\" class=\"wp-block-spacer\"><\/div>\n\n\n\n<p>A k\u00e9pen l\u00e1that\u00f3 aut\u00f3 v\u00e1rja, vele tanulj \u00e9s k\u00e9s\u0151bb sikeres vizsg\u00e1t tegy\u00e9l vele!<\/p>\n\n\n\n<div style=\"height:11px\" aria-hidden=\"true\" class=\"wp-block-spacer\"><\/div>\n\n\n\n<div class=\"wp-block-group has-global-padding is-layout-constrained wp-block-group-is-layout-constrained\">\n<figure class=\"wp-block-table is-style-stripes\"><table class=\"has-fixed-layout\"><tbody><tr><td class=\"has-text-align-left\" data-align=\"left\"><strong>Az aut\u00f3 adatai<\/strong><\/td><td><\/td><\/tr><tr><td class=\"has-text-align-left\" data-align=\"left\"><strong>M\u00e1rka<\/strong><\/td><td>OPEL<\/td><\/tr><tr><td class=\"has-text-align-left\" data-align=\"left\"><strong>T\u00edpus<\/strong><\/td><td>CORSA 1.3 CDTI<\/td><\/tr><tr><td class=\"has-text-align-left\" data-align=\"left\"><\/td><td><\/td><\/tr><\/tbody><\/table><\/figure>\n\n\n\n<hr class=\"wp-block-separator has-alpha-channel-opacity\"\/>\n\n\n\n<p class=\"has-text-align-center\"><strong>Oktat\u00f3<\/strong>: Csillag Dezs\u0151<\/p>\n\n\n\n<div style=\"height:11px\" aria-hidden=\"true\" class=\"wp-block-spacer\"><\/div>\n<\/div>\n<\/div>\n<\/div>\n\n\n\n<div class=\"wp-block-columns alignwide is-layout-flex wp-container-core-columns-is-layout-28f84493 wp-block-columns-is-layout-flex\">\n<div class=\"wp-block-column is-layout-flow wp-block-column-is-layout-flow\">\n<div style=\"height:64px\" aria-hidden=\"true\" class=\"wp-block-spacer\"><\/div>\n\n\n\n<figure class=\"wp-block-table is-style-stripes\"><table class=\"has-fixed-layout\"><tbody><tr><td><strong>Az aut\u00f3 adatai<\/strong><\/td><td><\/td><\/tr><tr><td><strong>M\u00e1rka<\/strong><\/td><td>FIAT<\/td><\/tr><tr><td><strong>T\u00edpus<\/strong><\/td><td>GRANDE PUNTO 1.3D<\/td><\/tr><\/tbody><\/table><\/figure>\n\n\n\n<hr class=\"wp-block-separator aligncenter has-alpha-channel-opacity\"\/>\n\n\n\n<p class=\"has-text-align-center\"><strong>Oktat\u00f3:<\/strong> Csillag Dezs\u0151<\/p>\n<\/div>\n\n\n\n<div class=\"wp-block-column is-layout-flow wp-block-column-is-layout-flow\">\n<figure class=\"wp-block-image size-large is-style-rounded is-style-rounded--2\"><img loading=\"lazy\" decoding=\"async\" width=\"1793\" height=\"1008\" src=\"https:\/\/csillagautosuli.hu\/wp-content\/uploads\/2024\/08\/FIAT-edited.jpg\" alt=\"\" class=\"wp-image-254\" srcset=\"https:\/\/csillagautosuli.hu\/wp-content\/uploads\/2024\/08\/FIAT-edited.jpg 1793w, https:\/\/csillagautosuli.hu\/wp-content\/uploads\/2024\/08\/FIAT-edited-300x169.jpg 300w, https:\/\/csillagautosuli.hu\/wp-content\/uploads\/2024\/08\/FIAT-edited-1024x576.jpg 1024w, https:\/\/csillagautosuli.hu\/wp-content\/uploads\/2024\/08\/FIAT-edited-768x432.jpg 768w, https:\/\/csillagautosuli.hu\/wp-content\/uploads\/2024\/08\/FIAT-edited-1536x864.jpg 1536w\" sizes=\"auto, (max-width: 1793px) 100vw, 1793px\" \/><\/figure>\n<\/div>\n<\/div>\n\n\n\n<div class=\"wp-block-group alignfull has-base-2-background-color has-background has-global-padding is-layout-constrained wp-container-core-group-is-layout-669513ed wp-block-group-is-layout-constrained\" style=\"margin-top:0;margin-bottom:0;padding-top:var(--wp--preset--spacing--50);padding-right:var(--wp--preset--spacing--50);padding-bottom:var(--wp--preset--spacing--50);padding-left:var(--wp--preset--spacing--50)\">\n<div class=\"wp-block-group is-vertical is-content-justification-center is-layout-flex wp-container-core-group-is-layout-52b864f0 wp-block-group-is-layout-flex\">\n<h2 class=\"wp-block-heading has-text-align-center is-style-asterisk\">N\u00e9h\u00e1ny fontos tudnival\u00f3 \u00e9s alapvet\u0151 k\u00f6vetelm\u00e9ny<\/h2>\n\n\n\n<p class=\"has-text-align-center\">Szem\u00e9ly g\u00e9pkocsi (B) kateg\u00f3ria<\/p>\n<\/div>\n\n\n\n<div class=\"wp-block-columns alignwide is-layout-flex wp-container-core-columns-is-layout-d0bbbce0 wp-block-columns-is-layout-flex\">\n<div class=\"wp-block-column is-layout-flow wp-container-core-column-is-layout-e3d1c41b wp-block-column-is-layout-flow\">\n<h3 class=\"wp-block-heading has-text-align-left is-style-asterisk has-body-font-family has-medium-font-size\" style=\"font-style:normal;font-weight:600\">\u00c9letkor<\/h3>\n\n\n\n<p class=\"has-text-align-left\">Tanfolyamra csak az vehet\u0151 fel, aki a k\u00fcl\u00f6n jogszab\u00e1lyban meghat\u00e1rozott \u00e9letkort B kateg\u00f3ria eset\u00e9n 17 \u00e9vet bet\u00f6lt\u00f6tte, vagy ann\u00e1l legfeljebb 6 h\u00f3nappal fiatalabb. Elm\u00e9leti vizsg\u00e1ra az bocs\u00e1that\u00f3, aki az el\u0151\u00edrt \u00e9letkorn\u00e1l legfeljebb 3 h\u00f3nappal fiatalabb \u00e9s az elm\u00e9leti k\u00e9pz\u00e9st tantermi k\u00e9pz\u00e9s vagy e-learning k\u00e9pz\u00e9s form\u00e1j\u00e1ban elv\u00e9gezte. Gyakorlati vizsg\u00e1t az \u00e9letkor bet\u00f6lt\u00e9s\u00e9t k\u00f6vet\u0151en tehet a hallgat\u00f3<\/p>\n\n\n\n<p class=\"has-text-align-left\"><\/p>\n<\/div>\n\n\n\n<div class=\"wp-block-column is-layout-flow wp-container-core-column-is-layout-e3d1c41b wp-block-column-is-layout-flow\">\n<h3 class=\"wp-block-heading has-text-align-left is-style-asterisk has-body-font-family has-medium-font-size\" style=\"font-style:normal;font-weight:600\">Iskolai v\u00e9gzetts\u00e9g<\/h3>\n\n\n\n<p class=\"has-text-align-left\">a beiratkoz\u00e1shoz nyilatkozattal, majd legk\u00e9s\u0151bb az els\u0151 elm\u00e9leti vizsg\u00e1n hitelt \u00e9rdeml\u0151en (okm\u00e1ny eredeti-, vagy<br>k\u00f6zjegyz\u0151 vagy a ki\u00e1ll\u00edt\u00f3 \u00e1ltal hiteles\u00edtett-,) min. alapfok\u00fa iskolai v\u00e9gzetts\u00e9get (8.\u00e1lt.) kell igazolni K\u00fclf\u00f6ldi bizony\u00edtv\u00e1nyok \u00e9s oklevelek eset\u00e9n a GKM rendeletben meghat\u00e1rozottak szerint.<\/p>\n\n\n\n<p class=\"has-text-align-left\"><\/p>\n\n\n\n<p class=\"has-text-align-left\"><\/p>\n<\/div>\n\n\n\n<div class=\"wp-block-column is-layout-flow wp-container-core-column-is-layout-e3d1c41b wp-block-column-is-layout-flow\">\n<h3 class=\"wp-block-heading has-text-align-left is-style-asterisk has-body-font-family has-medium-font-size\" style=\"font-style:normal;font-weight:600\">Orvosi alkalmass\u00e1g<\/h3>\n\n\n\n<p class=\"has-text-align-left\">A jel\u00f6lt csak min. e\u00fc: 1 csoport\u00fa orvosi alkalmass\u00e1gi vizsg\u00e1lat eredm\u00e9nyess\u00e9ge alapj\u00e1n jelenthet\u0151 elm\u00e9leti vizsg\u00e1ra. (H\u00e1ziorvos, \u00fczemorvos, szakrendel\u00e9s,) A vizsg\u00e1lat d\u00edja: 7200,- Ft. (35\/2013. (II. 14.) Korm. rendelet)<\/p>\n\n\n\n<p class=\"has-text-align-left\"><\/p>\n<\/div>\n<\/div>\n\n\n\n<div style=\"height:var(--wp--preset--spacing--20)\" aria-hidden=\"true\" class=\"wp-block-spacer\"><\/div>\n\n\n\n<div class=\"wp-block-columns alignwide is-layout-flex wp-container-core-columns-is-layout-d0bbbce0 wp-block-columns-is-layout-flex\">\n<div class=\"wp-block-column is-layout-flow wp-container-core-column-is-layout-e3d1c41b wp-block-column-is-layout-flow\">\n<h3 class=\"wp-block-heading has-text-align-left is-style-asterisk has-body-font-family has-medium-font-size\" style=\"font-style:normal;font-weight:600\">Tan- \u00e9s vizsgad\u00edj<\/h3>\n\n\n\n<p class=\"has-text-align-left\">A tand\u00edjakat k\u00e9szp\u00e9nz befizet\u00e9ssel vagy \u00e1tutal\u00e1ssal kell teljes\u00edteni, amelyhez r\u00e9szletfizet\u00e9si kedvezm\u00e9nyt biztos\u00edtunk A vizsgad\u00edjakat, a vizsgabizotts\u00e1g p\u00e9nzt\u00e1r\u00e1ban, k\u00e9szp\u00e9nzben kell el\u0151re megfizetni. \u00f6sszeg\u00e9t a a 84\/2009( XII.30) KHEM rendelet szab\u00e1lyozza. \u00c9rv\u00e9nyes tand\u00edjakat az a)mell\u00e9klet tartalmazza. A vizsgad\u00edjakat a 84\/2009. (XII. 30.) KHEM rendelet szab\u00e1lyozza.<\/p>\n\n\n\n<p class=\"has-text-align-left\"><\/p>\n<\/div>\n\n\n\n<div class=\"wp-block-column is-layout-flow wp-container-core-column-is-layout-e3d1c41b wp-block-column-is-layout-flow\">\n<h3 class=\"wp-block-heading has-text-align-left is-style-asterisk has-body-font-family has-medium-font-size\" style=\"font-style:normal;font-weight:600\">Els\u0151seg\u00e9lyny\u00fajt\u00f3 tanfolyam<\/h3>\n\n\n\n<p class=\"has-text-align-left\">A tanulm\u00e1nyok megkezd\u00e9se el\u0151tt, alatt, ut\u00e1n (teh\u00e1t b\u00e1rmikor) a V\u00f6r\u00f6skereszt \u00e1ltal szervezett els\u0151seg\u00e9lyny\u00fajt\u00f3 tanfolyamon kell r\u00e9szt vennie: Tanfolyam d\u00edja: 13.000-Ft majd ezt k\u00f6vet\u0151 Vizsgad\u00edja : 19.990- Ft. (Vizsga al\u00f3l mentes\u00edt\u00e9st kaphat a jogszab\u00e1lyokban el\u0151\u00edrt esetekben.)<\/p>\n\n\n\n<p class=\"has-text-align-left\"><\/p>\n<\/div>\n\n\n\n<div class=\"wp-block-column is-layout-flow wp-container-core-column-is-layout-e3d1c41b wp-block-column-is-layout-flow\">\n<h3 class=\"wp-block-heading has-text-align-left is-style-asterisk has-body-font-family has-medium-font-size\" style=\"font-style:normal;font-weight:600\">Gyakorlati k\u00e9pz\u00e9s<\/h3>\n\n\n\n<p class=\"has-text-align-left\">A j\u00e1rm\u0171vezet\u00e9si gyakorlat oktat\u00e1sa csak valamennyi elm\u00e9leti tant\u00e1rgyb\u00f3l tett sikeres vizsga ut\u00e1n a tanul\u00f3 nev\u00e9re ki\u00e1ll\u00edtott, az aut\u00f3siskola \u00e1ltal ki\u00e1ll\u00edtott, hiteles\u00edtett vezet\u00e9si karton birtok\u00e1ban, szakoktat\u00f3 fel\u00fcgyelete mellett kezdhet\u0151 meg.<\/p>\n\n\n\n<p class=\"has-text-align-left\"><\/p>\n<\/div>\n<\/div>\n\n\n\n<div style=\"height:44px\" aria-hidden=\"true\" class=\"wp-block-spacer\"><\/div>\n\n\n\n<p class=\"has-text-align-center\"><strong>B\u0151vebb inform\u00e1ci\u00f3kat az \u00edr\u00e1sos t\u00e1j\u00e9koztat\u00f3ban tal\u00e1lja:<\/strong><\/p>\n\n\n\n<div class=\"wp-block-buttons is-content-justification-center is-layout-flex wp-container-core-buttons-is-layout-a89b3969 wp-block-buttons-is-layout-flex\">\n<div class=\"wp-block-button is-style-outline is-style-outline--3\"><a class=\"wp-block-button__link has-text-align-center wp-element-button\" href=\"https:\/\/csillagautosuli.hu\/wp-content\/uploads\/2026\/03\/tajekoztato.pdf\" target=\"_blank\" rel=\"noopener noreferrer noopener\">T\u00e1j\u00e9koztat\u00f3 megnyit\u00e1sa<\/a><\/div>\n<\/div>\n<\/div>\n\n\n\n<div class=\"wp-block-group alignfull has-global-padding is-layout-constrained wp-container-core-group-is-layout-b25ccd55 wp-block-group-is-layout-constrained\" style=\"margin-top:0;margin-bottom:0;padding-top:var(--wp--preset--spacing--50);padding-right:var(--wp--preset--spacing--50);padding-bottom:var(--wp--preset--spacing--50);padding-left:var(--wp--preset--spacing--50)\">\n<h2 class=\"wp-block-heading has-text-align-center\">N\u00e9h\u00e1ny k\u00e9p az aut\u00f3r\u00f3l&#8230;<\/h2>\n\n\n\n<div style=\"height:42px\" aria-hidden=\"true\" class=\"wp-block-spacer\"><\/div>\n\n\n\n<div class=\"wp-block-columns alignwide is-layout-flex wp-container-core-columns-is-layout-ff4b9c61 wp-block-columns-is-layout-flex\" style=\"margin-top:0;margin-bottom:0\">\n<div class=\"wp-block-column is-layout-flow wp-container-core-column-is-layout-8a368f38 wp-block-column-is-layout-flow\">\n<figure class=\"wp-block-image size-large is-style-rounded is-style-rounded--4\"><img loading=\"lazy\" decoding=\"async\" width=\"1024\" height=\"768\" src=\"https:\/\/csillagautosuli.hu\/wp-content\/uploads\/2024\/08\/opel_uj-1-1024x768.jpg\" alt=\"\" class=\"wp-image-246\" style=\"aspect-ratio:4\/3;object-fit:cover\" srcset=\"https:\/\/csillagautosuli.hu\/wp-content\/uploads\/2024\/08\/opel_uj-1-1024x768.jpg 1024w, https:\/\/csillagautosuli.hu\/wp-content\/uploads\/2024\/08\/opel_uj-1-300x225.jpg 300w, https:\/\/csillagautosuli.hu\/wp-content\/uploads\/2024\/08\/opel_uj-1-768x576.jpg 768w, https:\/\/csillagautosuli.hu\/wp-content\/uploads\/2024\/08\/opel_uj-1-1536x1152.jpg 1536w, https:\/\/csillagautosuli.hu\/wp-content\/uploads\/2024\/08\/opel_uj-1-2048x1536.jpg 2048w\" sizes=\"auto, (max-width: 1024px) 100vw, 1024px\" \/><\/figure>\n\n\n\n<div style=\"height:81px\" aria-hidden=\"true\" class=\"wp-block-spacer\"><\/div>\n\n\n\n<figure class=\"wp-block-image size-large is-style-rounded is-style-rounded--5\"><img loading=\"lazy\" decoding=\"async\" width=\"2016\" height=\"2016\" src=\"https:\/\/csillagautosuli.hu\/wp-content\/uploads\/2024\/08\/hatso-edited.jpg\" alt=\"\" class=\"wp-image-251\" style=\"aspect-ratio:1;object-fit:cover\" srcset=\"https:\/\/csillagautosuli.hu\/wp-content\/uploads\/2024\/08\/hatso-edited.jpg 2016w, https:\/\/csillagautosuli.hu\/wp-content\/uploads\/2024\/08\/hatso-edited-300x300.jpg 300w, https:\/\/csillagautosuli.hu\/wp-content\/uploads\/2024\/08\/hatso-edited-1024x1024.jpg 1024w, https:\/\/csillagautosuli.hu\/wp-content\/uploads\/2024\/08\/hatso-edited-150x150.jpg 150w, https:\/\/csillagautosuli.hu\/wp-content\/uploads\/2024\/08\/hatso-edited-768x768.jpg 768w, https:\/\/csillagautosuli.hu\/wp-content\/uploads\/2024\/08\/hatso-edited-1536x1536.jpg 1536w\" sizes=\"auto, (max-width: 2016px) 100vw, 2016px\" \/><\/figure>\n<\/div>\n\n\n\n<div class=\"wp-block-column is-layout-flow wp-container-core-column-is-layout-8a368f38 wp-block-column-is-layout-flow\">\n<div style=\"height:var(--wp--preset--spacing--50)\" aria-hidden=\"true\" class=\"wp-block-spacer\"><\/div>\n\n\n\n<figure class=\"wp-block-image size-large is-style-rounded is-style-rounded--6\"><img loading=\"lazy\" decoding=\"async\" width=\"2560\" height=\"2560\" src=\"https:\/\/csillagautosuli.hu\/wp-content\/uploads\/2024\/08\/elso-edited-scaled.jpg\" alt=\"\" class=\"wp-image-249\" srcset=\"https:\/\/csillagautosuli.hu\/wp-content\/uploads\/2024\/08\/elso-edited-scaled.jpg 2560w, https:\/\/csillagautosuli.hu\/wp-content\/uploads\/2024\/08\/elso-edited-300x300.jpg 300w, https:\/\/csillagautosuli.hu\/wp-content\/uploads\/2024\/08\/elso-edited-1024x1024.jpg 1024w, https:\/\/csillagautosuli.hu\/wp-content\/uploads\/2024\/08\/elso-edited-150x150.jpg 150w, https:\/\/csillagautosuli.hu\/wp-content\/uploads\/2024\/08\/elso-edited-768x768.jpg 768w, https:\/\/csillagautosuli.hu\/wp-content\/uploads\/2024\/08\/elso-edited-1536x1536.jpg 1536w, https:\/\/csillagautosuli.hu\/wp-content\/uploads\/2024\/08\/elso-edited-2048x2048.jpg 2048w\" sizes=\"auto, (max-width: 2560px) 100vw, 2560px\" \/><\/figure>\n\n\n\n<div style=\"height:var(--wp--preset--spacing--50)\" aria-hidden=\"true\" class=\"wp-block-spacer\"><\/div>\n<\/div>\n<\/div>\n<\/div>\n","protected":false},"excerpt":{"rendered":"<p>A k\u00e9pen l\u00e1that\u00f3 aut\u00f3 v\u00e1rja, vele tanulj \u00e9s k\u00e9s\u0151bb sikeres vizsg\u00e1t tegy\u00e9l vele! Az aut\u00f3 adatai M\u00e1rka OPEL T\u00edpus CORSA 1.3 CDTI Oktat\u00f3: Csillag Dezs\u0151 Az aut\u00f3 adatai M\u00e1rka FIAT T\u00edpus GRANDE PUNTO 1.3D Oktat\u00f3: Csillag Dezs\u0151 N\u00e9h\u00e1ny fontos tudnival\u00f3 \u00e9s alapvet\u0151 k\u00f6vetelm\u00e9ny Szem\u00e9ly g\u00e9pkocsi (B) kateg\u00f3ria \u00c9letkor Tanfolyamra csak az vehet\u0151 fel, aki a [&hellip;]<\/p>\n","protected":false},"author":1,"featured_media":0,"parent":0,"menu_order":0,"comment_status":"closed","ping_status":"closed","template":"","meta":{"footnotes":""},"class_list":["post-59","page","type-page","status-publish","hentry"],"_links":{"self":[{"href":"https:\/\/csillagautosuli.hu\/index.php?rest_route=\/wp\/v2\/pages\/59","targetHints":{"allow":["GET"]}}],"collection":[{"href":"https:\/\/csillagautosuli.hu\/index.php?rest_route=\/wp\/v2\/pages"}],"about":[{"href":"https:\/\/csillagautosuli.hu\/index.php?rest_route=\/wp\/v2\/types\/page"}],"author":[{"embeddable":true,"href":"https:\/\/csillagautosuli.hu\/index.php?rest_route=\/wp\/v2\/users\/1"}],"replies":[{"embeddable":true,"href":"https:\/\/csillagautosuli.hu\/index.php?rest_route=%2Fwp%2Fv2%2Fcomments&post=59"}],"version-history":[{"count":29,"href":"https:\/\/csillagautosuli.hu\/index.php?rest_route=\/wp\/v2\/pages\/59\/revisions"}],"predecessor-version":[{"id":306,"href":"https:\/\/csillagautosuli.hu\/index.php?rest_route=\/wp\/v2\/pages\/59\/revisions\/306"}],"wp:attachment":[{"href":"https:\/\/csillagautosuli.hu\/index.php?rest_route=%2Fwp%2Fv2%2Fmedia&parent=59"}],"curies":[{"name":"wp","href":"https:\/\/api.w.org\/{rel}","templated":true}]}}