{"id":144,"date":"2024-08-13T21:27:11","date_gmt":"2024-08-13T21:27:11","guid":{"rendered":"https:\/\/csillagautosuli.hu\/?page_id=144"},"modified":"2024-09-15T17:41:31","modified_gmt":"2024-09-15T17:41:31","slug":"keptar","status":"publish","type":"page","link":"https:\/\/csillagautosuli.hu\/?page_id=144","title":{"rendered":"K\u00e9pt\u00e1r"},"content":{"rendered":"\n<h3 class=\"wp-block-heading alignwide has-text-align-center\"><strong>K\u00e9pek a m\u00faltb\u00f3l \u00e9s a jelenb\u0151l<\/strong><\/h3>\n\n\n\n<div class=\"wp-block-group alignfull has-global-padding is-layout-constrained wp-container-core-group-is-layout-b25ccd55 wp-block-group-is-layout-constrained\" style=\"margin-top:0;margin-bottom:0;padding-top:var(--wp--preset--spacing--50);padding-right:var(--wp--preset--spacing--50);padding-bottom:var(--wp--preset--spacing--50);padding-left:var(--wp--preset--spacing--50)\">\n<div class=\"wp-block-columns alignwide is-layout-flex wp-container-core-columns-is-layout-ff4b9c61 wp-block-columns-is-layout-flex\" style=\"margin-top:0;margin-bottom:0\">\n<div class=\"wp-block-column is-layout-flow wp-container-core-column-is-layout-8a368f38 wp-block-column-is-layout-flow\">\n<figure class=\"wp-block-image size-large is-style-rounded is-style-rounded--1\"><img loading=\"lazy\" decoding=\"async\" width=\"1024\" height=\"571\" src=\"https:\/\/csillagautosuli.hu\/wp-content\/uploads\/2024\/08\/FIAT-1024x571.jpg\" alt=\"\" class=\"wp-image-135\" srcset=\"https:\/\/csillagautosuli.hu\/wp-content\/uploads\/2024\/08\/FIAT-1024x571.jpg 1024w, https:\/\/csillagautosuli.hu\/wp-content\/uploads\/2024\/08\/FIAT-300x167.jpg 300w, https:\/\/csillagautosuli.hu\/wp-content\/uploads\/2024\/08\/FIAT-768x428.jpg 768w, https:\/\/csillagautosuli.hu\/wp-content\/uploads\/2024\/08\/FIAT-1536x856.jpg 1536w, https:\/\/csillagautosuli.hu\/wp-content\/uploads\/2024\/08\/FIAT.jpg 1809w\" sizes=\"auto, (max-width: 1024px) 100vw, 1024px\" \/><\/figure>\n\n\n\n<div style=\"height:63px\" aria-hidden=\"true\" class=\"wp-block-spacer\"><\/div>\n\n\n\n<figure class=\"wp-block-image size-large is-style-rounded is-style-rounded--2\"><img loading=\"lazy\" decoding=\"async\" width=\"1024\" height=\"768\" src=\"https:\/\/csillagautosuli.hu\/wp-content\/uploads\/2024\/08\/vw1-1024x768.jpg\" alt=\"\" class=\"wp-image-150\" srcset=\"https:\/\/csillagautosuli.hu\/wp-content\/uploads\/2024\/08\/vw1-1024x768.jpg 1024w, https:\/\/csillagautosuli.hu\/wp-content\/uploads\/2024\/08\/vw1-300x225.jpg 300w, https:\/\/csillagautosuli.hu\/wp-content\/uploads\/2024\/08\/vw1-768x576.jpg 768w, https:\/\/csillagautosuli.hu\/wp-content\/uploads\/2024\/08\/vw1-1536x1152.jpg 1536w, https:\/\/csillagautosuli.hu\/wp-content\/uploads\/2024\/08\/vw1.jpg 2048w\" sizes=\"auto, (max-width: 1024px) 100vw, 1024px\" \/><\/figure>\n\n\n\n<div style=\"height:64px\" aria-hidden=\"true\" class=\"wp-block-spacer\"><\/div>\n\n\n\n<figure class=\"wp-block-image is-style-rounded is-style-rounded--3\"><img loading=\"lazy\" decoding=\"async\" width=\"720\" height=\"720\" src=\"https:\/\/csillagautosuli.hu\/wp-content\/uploads\/2024\/08\/vwkozos.jpg\" alt=\"\" class=\"wp-image-151\" srcset=\"https:\/\/csillagautosuli.hu\/wp-content\/uploads\/2024\/08\/vwkozos.jpg 720w, https:\/\/csillagautosuli.hu\/wp-content\/uploads\/2024\/08\/vwkozos-300x300.jpg 300w, https:\/\/csillagautosuli.hu\/wp-content\/uploads\/2024\/08\/vwkozos-150x150.jpg 150w\" sizes=\"auto, (max-width: 720px) 100vw, 720px\" \/><\/figure>\n\n\n\n<div style=\"height:62px\" aria-hidden=\"true\" class=\"wp-block-spacer\"><\/div>\n\n\n\n<figure class=\"wp-block-image size-large is-style-rounded is-style-rounded--4\"><img loading=\"lazy\" decoding=\"async\" width=\"1024\" height=\"685\" src=\"https:\/\/csillagautosuli.hu\/wp-content\/uploads\/2024\/08\/fiat1-1024x685.png\" alt=\"\" class=\"wp-image-173\" srcset=\"https:\/\/csillagautosuli.hu\/wp-content\/uploads\/2024\/08\/fiat1-1024x685.png 1024w, https:\/\/csillagautosuli.hu\/wp-content\/uploads\/2024\/08\/fiat1-300x201.png 300w, https:\/\/csillagautosuli.hu\/wp-content\/uploads\/2024\/08\/fiat1-768x513.png 768w, https:\/\/csillagautosuli.hu\/wp-content\/uploads\/2024\/08\/fiat1.png 1098w\" sizes=\"auto, (max-width: 1024px) 100vw, 1024px\" \/><\/figure>\n\n\n\n<div style=\"height:60px\" aria-hidden=\"true\" class=\"wp-block-spacer\"><\/div>\n\n\n\n<figure class=\"wp-block-image size-full is-style-rounded is-style-rounded--5\"><img loading=\"lazy\" decoding=\"async\" width=\"1010\" height=\"640\" src=\"https:\/\/csillagautosuli.hu\/wp-content\/uploads\/2024\/08\/ford2.png\" alt=\"\" class=\"wp-image-176\" srcset=\"https:\/\/csillagautosuli.hu\/wp-content\/uploads\/2024\/08\/ford2.png 1010w, https:\/\/csillagautosuli.hu\/wp-content\/uploads\/2024\/08\/ford2-300x190.png 300w, https:\/\/csillagautosuli.hu\/wp-content\/uploads\/2024\/08\/ford2-768x487.png 768w\" sizes=\"auto, (max-width: 1010px) 100vw, 1010px\" \/><\/figure>\n\n\n\n<div style=\"height:64px\" aria-hidden=\"true\" class=\"wp-block-spacer\"><\/div>\n\n\n\n<figure class=\"wp-block-image size-large is-style-rounded is-style-rounded--6\"><img loading=\"lazy\" decoding=\"async\" width=\"1024\" height=\"622\" src=\"https:\/\/csillagautosuli.hu\/wp-content\/uploads\/2024\/08\/fordoktatas2-1024x622.png\" alt=\"\" class=\"wp-image-218\" srcset=\"https:\/\/csillagautosuli.hu\/wp-content\/uploads\/2024\/08\/fordoktatas2-1024x622.png 1024w, https:\/\/csillagautosuli.hu\/wp-content\/uploads\/2024\/08\/fordoktatas2-300x182.png 300w, https:\/\/csillagautosuli.hu\/wp-content\/uploads\/2024\/08\/fordoktatas2-768x467.png 768w, https:\/\/csillagautosuli.hu\/wp-content\/uploads\/2024\/08\/fordoktatas2-1536x934.png 1536w, https:\/\/csillagautosuli.hu\/wp-content\/uploads\/2024\/08\/fordoktatas2-2048x1245.png 2048w\" sizes=\"auto, (max-width: 1024px) 100vw, 1024px\" \/><\/figure>\n\n\n\n<div style=\"height:61px\" aria-hidden=\"true\" class=\"wp-block-spacer\"><\/div>\n\n\n\n<figure class=\"wp-block-image size-large is-style-rounded is-style-rounded--7\"><img loading=\"lazy\" decoding=\"async\" width=\"1024\" height=\"687\" src=\"https:\/\/csillagautosuli.hu\/wp-content\/uploads\/2024\/08\/pirosopel-1024x687.png\" alt=\"\" class=\"wp-image-222\" srcset=\"https:\/\/csillagautosuli.hu\/wp-content\/uploads\/2024\/08\/pirosopel-1024x687.png 1024w, https:\/\/csillagautosuli.hu\/wp-content\/uploads\/2024\/08\/pirosopel-300x201.png 300w, https:\/\/csillagautosuli.hu\/wp-content\/uploads\/2024\/08\/pirosopel-768x515.png 768w, https:\/\/csillagautosuli.hu\/wp-content\/uploads\/2024\/08\/pirosopel-1536x1030.png 1536w, https:\/\/csillagautosuli.hu\/wp-content\/uploads\/2024\/08\/pirosopel-2048x1374.png 2048w\" sizes=\"auto, (max-width: 1024px) 100vw, 1024px\" \/><\/figure>\n\n\n\n<div style=\"height:63px\" aria-hidden=\"true\" class=\"wp-block-spacer\"><\/div>\n\n\n\n<figure class=\"wp-block-image size-large is-resized is-style-rounded is-style-rounded--8\"><img loading=\"lazy\" decoding=\"async\" width=\"1024\" height=\"688\" src=\"https:\/\/csillagautosuli.hu\/wp-content\/uploads\/2024\/08\/csoportkep-1024x688.png\" alt=\"\" class=\"wp-image-220\" style=\"width:355px;height:auto\" srcset=\"https:\/\/csillagautosuli.hu\/wp-content\/uploads\/2024\/08\/csoportkep-1024x688.png 1024w, https:\/\/csillagautosuli.hu\/wp-content\/uploads\/2024\/08\/csoportkep-300x202.png 300w, https:\/\/csillagautosuli.hu\/wp-content\/uploads\/2024\/08\/csoportkep-768x516.png 768w, https:\/\/csillagautosuli.hu\/wp-content\/uploads\/2024\/08\/csoportkep-1536x1032.png 1536w, https:\/\/csillagautosuli.hu\/wp-content\/uploads\/2024\/08\/csoportkep-2048x1376.png 2048w\" sizes=\"auto, (max-width: 1024px) 100vw, 1024px\" \/><\/figure>\n\n\n\n<div style=\"height:63px\" aria-hidden=\"true\" class=\"wp-block-spacer\"><\/div>\n<\/div>\n\n\n\n<div class=\"wp-block-column is-layout-flow wp-container-core-column-is-layout-8a368f38 wp-block-column-is-layout-flow\">\n<div style=\"height:64px\" aria-hidden=\"true\" class=\"wp-block-spacer\"><\/div>\n\n\n\n<figure class=\"wp-block-image size-large is-style-rounded is-style-rounded--9\"><img loading=\"lazy\" decoding=\"async\" width=\"1024\" height=\"768\" src=\"https:\/\/csillagautosuli.hu\/wp-content\/uploads\/2024\/08\/motor-1024x768.jpg\" alt=\"\" class=\"wp-image-145\" style=\"aspect-ratio:3\/4;object-fit:cover\" srcset=\"https:\/\/csillagautosuli.hu\/wp-content\/uploads\/2024\/08\/motor-1024x768.jpg 1024w, https:\/\/csillagautosuli.hu\/wp-content\/uploads\/2024\/08\/motor-300x225.jpg 300w, https:\/\/csillagautosuli.hu\/wp-content\/uploads\/2024\/08\/motor-768x576.jpg 768w, https:\/\/csillagautosuli.hu\/wp-content\/uploads\/2024\/08\/motor-1536x1152.jpg 1536w, https:\/\/csillagautosuli.hu\/wp-content\/uploads\/2024\/08\/motor.jpg 2000w\" sizes=\"auto, (max-width: 1024px) 100vw, 1024px\" \/><\/figure>\n\n\n\n<div style=\"height:63px\" aria-hidden=\"true\" class=\"wp-block-spacer\"><\/div>\n\n\n\n<figure class=\"wp-block-image is-style-rounded is-style-rounded--10\"><img loading=\"lazy\" decoding=\"async\" width=\"2000\" height=\"1333\" src=\"https:\/\/csillagautosuli.hu\/wp-content\/uploads\/2024\/08\/motorosok-edited.jpg\" alt=\"\" class=\"wp-image-147\" srcset=\"https:\/\/csillagautosuli.hu\/wp-content\/uploads\/2024\/08\/motorosok-edited.jpg 2000w, https:\/\/csillagautosuli.hu\/wp-content\/uploads\/2024\/08\/motorosok-edited-300x200.jpg 300w, https:\/\/csillagautosuli.hu\/wp-content\/uploads\/2024\/08\/motorosok-edited-1024x682.jpg 1024w, https:\/\/csillagautosuli.hu\/wp-content\/uploads\/2024\/08\/motorosok-edited-768x512.jpg 768w, https:\/\/csillagautosuli.hu\/wp-content\/uploads\/2024\/08\/motorosok-edited-1536x1024.jpg 1536w\" sizes=\"auto, (max-width: 2000px) 100vw, 2000px\" \/><\/figure>\n\n\n\n<div style=\"height:65px\" aria-hidden=\"true\" class=\"wp-block-spacer\"><\/div>\n\n\n\n<figure class=\"wp-block-image size-full is-style-rounded is-style-rounded--11\"><img loading=\"lazy\" decoding=\"async\" width=\"456\" height=\"456\" src=\"https:\/\/csillagautosuli.hu\/wp-content\/uploads\/2024\/08\/motorosok-edited-2.jpg\" alt=\"\" class=\"wp-image-184\" style=\"aspect-ratio:1;object-fit:cover\" srcset=\"https:\/\/csillagautosuli.hu\/wp-content\/uploads\/2024\/08\/motorosok-edited-2.jpg 456w, https:\/\/csillagautosuli.hu\/wp-content\/uploads\/2024\/08\/motorosok-edited-2-300x300.jpg 300w, https:\/\/csillagautosuli.hu\/wp-content\/uploads\/2024\/08\/motorosok-edited-2-150x150.jpg 150w\" sizes=\"auto, (max-width: 456px) 100vw, 456px\" \/><\/figure>\n\n\n\n<div style=\"height:64px\" aria-hidden=\"true\" class=\"wp-block-spacer\"><\/div>\n\n\n\n<figure class=\"wp-block-image size-large is-style-rounded is-style-rounded--12\"><img loading=\"lazy\" decoding=\"async\" width=\"1024\" height=\"768\" src=\"https:\/\/csillagautosuli.hu\/wp-content\/uploads\/2024\/08\/motorosok2-1024x768.jpg\" alt=\"\" class=\"wp-image-152\" srcset=\"https:\/\/csillagautosuli.hu\/wp-content\/uploads\/2024\/08\/motorosok2-1024x768.jpg 1024w, https:\/\/csillagautosuli.hu\/wp-content\/uploads\/2024\/08\/motorosok2-300x225.jpg 300w, https:\/\/csillagautosuli.hu\/wp-content\/uploads\/2024\/08\/motorosok2-768x576.jpg 768w, https:\/\/csillagautosuli.hu\/wp-content\/uploads\/2024\/08\/motorosok2-1536x1152.jpg 1536w, https:\/\/csillagautosuli.hu\/wp-content\/uploads\/2024\/08\/motorosok2.jpg 2000w\" sizes=\"auto, (max-width: 1024px) 100vw, 1024px\" \/><\/figure>\n\n\n\n<div style=\"height:63px\" aria-hidden=\"true\" class=\"wp-block-spacer\"><\/div>\n\n\n\n<figure class=\"wp-block-image is-style-rounded is-style-rounded--13\"><img loading=\"lazy\" decoding=\"async\" width=\"1024\" height=\"554\" src=\"https:\/\/csillagautosuli.hu\/wp-content\/uploads\/2024\/08\/motoros-1024x554.png\" alt=\"\" class=\"wp-image-172\" srcset=\"https:\/\/csillagautosuli.hu\/wp-content\/uploads\/2024\/08\/motoros-1024x554.png 1024w, https:\/\/csillagautosuli.hu\/wp-content\/uploads\/2024\/08\/motoros-300x162.png 300w, https:\/\/csillagautosuli.hu\/wp-content\/uploads\/2024\/08\/motoros-768x415.png 768w, https:\/\/csillagautosuli.hu\/wp-content\/uploads\/2024\/08\/motoros.png 1091w\" sizes=\"auto, (max-width: 1024px) 100vw, 1024px\" \/><\/figure>\n\n\n\n<div style=\"height:63px\" aria-hidden=\"true\" class=\"wp-block-spacer\"><\/div>\n\n\n\n<figure class=\"wp-block-image size-large is-style-rounded is-style-rounded--14\"><img loading=\"lazy\" decoding=\"async\" width=\"1024\" height=\"827\" src=\"https:\/\/csillagautosuli.hu\/wp-content\/uploads\/2024\/08\/teher-1024x827.png\" alt=\"\" class=\"wp-image-221\" srcset=\"https:\/\/csillagautosuli.hu\/wp-content\/uploads\/2024\/08\/teher-1024x827.png 1024w, https:\/\/csillagautosuli.hu\/wp-content\/uploads\/2024\/08\/teher-300x242.png 300w, https:\/\/csillagautosuli.hu\/wp-content\/uploads\/2024\/08\/teher-768x621.png 768w, https:\/\/csillagautosuli.hu\/wp-content\/uploads\/2024\/08\/teher-1536x1241.png 1536w, https:\/\/csillagautosuli.hu\/wp-content\/uploads\/2024\/08\/teher-2048x1655.png 2048w\" sizes=\"auto, (max-width: 1024px) 100vw, 1024px\" \/><\/figure>\n\n\n\n<div style=\"height:64px\" aria-hidden=\"true\" class=\"wp-block-spacer\"><\/div>\n<\/div>\n\n\n\n<div class=\"wp-block-column is-layout-flow wp-container-core-column-is-layout-8a368f38 wp-block-column-is-layout-flow\">\n<figure class=\"wp-block-image size-full is-style-rounded is-style-rounded--15\"><img loading=\"lazy\" decoding=\"async\" width=\"521\" height=\"390\" src=\"https:\/\/csillagautosuli.hu\/wp-content\/uploads\/2024\/09\/MGY-edited.jpg\" alt=\"\" class=\"wp-image-266\" srcset=\"https:\/\/csillagautosuli.hu\/wp-content\/uploads\/2024\/09\/MGY-edited.jpg 521w, https:\/\/csillagautosuli.hu\/wp-content\/uploads\/2024\/09\/MGY-edited-300x225.jpg 300w\" sizes=\"auto, (max-width: 521px) 100vw, 521px\" \/><\/figure>\n\n\n\n<div style=\"height:64px\" aria-hidden=\"true\" class=\"wp-block-spacer\"><\/div>\n\n\n\n<figure class=\"wp-block-image is-style-rounded is-style-rounded--16\"><img loading=\"lazy\" decoding=\"async\" width=\"1484\" height=\"1113\" src=\"https:\/\/csillagautosuli.hu\/wp-content\/uploads\/2024\/08\/vizsgautan2-edited.jpg\" alt=\"\" class=\"wp-image-155\" srcset=\"https:\/\/csillagautosuli.hu\/wp-content\/uploads\/2024\/08\/vizsgautan2-edited.jpg 1484w, https:\/\/csillagautosuli.hu\/wp-content\/uploads\/2024\/08\/vizsgautan2-edited-300x225.jpg 300w, https:\/\/csillagautosuli.hu\/wp-content\/uploads\/2024\/08\/vizsgautan2-edited-1024x768.jpg 1024w, https:\/\/csillagautosuli.hu\/wp-content\/uploads\/2024\/08\/vizsgautan2-edited-768x576.jpg 768w\" sizes=\"auto, (max-width: 1484px) 100vw, 1484px\" \/><\/figure>\n\n\n\n<div style=\"height:65px\" aria-hidden=\"true\" class=\"wp-block-spacer\"><\/div>\n\n\n\n<figure class=\"wp-block-image size-large is-style-rounded is-style-rounded--17\"><img loading=\"lazy\" decoding=\"async\" width=\"1024\" height=\"768\" src=\"https:\/\/csillagautosuli.hu\/wp-content\/uploads\/2024\/08\/autos-1024x768.jpg\" alt=\"\" class=\"wp-image-153\" srcset=\"https:\/\/csillagautosuli.hu\/wp-content\/uploads\/2024\/08\/autos-1024x768.jpg 1024w, https:\/\/csillagautosuli.hu\/wp-content\/uploads\/2024\/08\/autos-300x225.jpg 300w, https:\/\/csillagautosuli.hu\/wp-content\/uploads\/2024\/08\/autos-768x576.jpg 768w, https:\/\/csillagautosuli.hu\/wp-content\/uploads\/2024\/08\/autos-1536x1152.jpg 1536w, https:\/\/csillagautosuli.hu\/wp-content\/uploads\/2024\/08\/autos.jpg 2048w\" sizes=\"auto, (max-width: 1024px) 100vw, 1024px\" \/><\/figure>\n\n\n\n<div style=\"height:63px\" aria-hidden=\"true\" class=\"wp-block-spacer\"><\/div>\n\n\n\n<figure class=\"wp-block-image size-large is-style-rounded is-style-rounded--18\"><img loading=\"lazy\" decoding=\"async\" width=\"1336\" height=\"1781\" src=\"https:\/\/csillagautosuli.hu\/wp-content\/uploads\/2024\/08\/fiat1-edited.jpg\" alt=\"\" class=\"wp-image-149\" style=\"aspect-ratio:3\/4;object-fit:cover\" srcset=\"https:\/\/csillagautosuli.hu\/wp-content\/uploads\/2024\/08\/fiat1-edited.jpg 1336w, https:\/\/csillagautosuli.hu\/wp-content\/uploads\/2024\/08\/fiat1-edited-225x300.jpg 225w, https:\/\/csillagautosuli.hu\/wp-content\/uploads\/2024\/08\/fiat1-edited-768x1024.jpg 768w, https:\/\/csillagautosuli.hu\/wp-content\/uploads\/2024\/08\/fiat1-edited-1152x1536.jpg 1152w\" sizes=\"auto, (max-width: 1336px) 100vw, 1336px\" \/><\/figure>\n\n\n\n<div style=\"height:63px\" aria-hidden=\"true\" class=\"wp-block-spacer\"><\/div>\n\n\n\n<figure class=\"wp-block-image size-full is-style-rounded is-style-rounded--19\"><img loading=\"lazy\" decoding=\"async\" width=\"975\" height=\"651\" src=\"https:\/\/csillagautosuli.hu\/wp-content\/uploads\/2024\/08\/ford.png\" alt=\"\" class=\"wp-image-174\" srcset=\"https:\/\/csillagautosuli.hu\/wp-content\/uploads\/2024\/08\/ford.png 975w, https:\/\/csillagautosuli.hu\/wp-content\/uploads\/2024\/08\/ford-300x200.png 300w, https:\/\/csillagautosuli.hu\/wp-content\/uploads\/2024\/08\/ford-768x513.png 768w\" sizes=\"auto, (max-width: 975px) 100vw, 975px\" \/><\/figure>\n\n\n\n<div style=\"height:64px\" aria-hidden=\"true\" class=\"wp-block-spacer\"><\/div>\n\n\n\n<figure class=\"wp-block-image size-large is-resized is-style-rounded is-style-rounded--20\"><img loading=\"lazy\" decoding=\"async\" width=\"1024\" height=\"684\" src=\"https:\/\/csillagautosuli.hu\/wp-content\/uploads\/2024\/08\/oktatas-1024x684.png\" alt=\"\" class=\"wp-image-177\" style=\"width:384px;height:auto\" srcset=\"https:\/\/csillagautosuli.hu\/wp-content\/uploads\/2024\/08\/oktatas-1024x684.png 1024w, https:\/\/csillagautosuli.hu\/wp-content\/uploads\/2024\/08\/oktatas-300x201.png 300w, https:\/\/csillagautosuli.hu\/wp-content\/uploads\/2024\/08\/oktatas-768x513.png 768w, https:\/\/csillagautosuli.hu\/wp-content\/uploads\/2024\/08\/oktatas.png 1122w\" sizes=\"auto, (max-width: 1024px) 100vw, 1024px\" \/><\/figure>\n\n\n\n<div style=\"height:65px\" aria-hidden=\"true\" class=\"wp-block-spacer\"><\/div>\n\n\n\n<figure class=\"wp-block-image size-large is-style-rounded is-style-rounded--21\"><img loading=\"lazy\" decoding=\"async\" width=\"1024\" height=\"636\" src=\"https:\/\/csillagautosuli.hu\/wp-content\/uploads\/2024\/08\/fordoktatas-1024x636.png\" alt=\"\" class=\"wp-image-219\" srcset=\"https:\/\/csillagautosuli.hu\/wp-content\/uploads\/2024\/08\/fordoktatas-1024x636.png 1024w, https:\/\/csillagautosuli.hu\/wp-content\/uploads\/2024\/08\/fordoktatas-300x186.png 300w, https:\/\/csillagautosuli.hu\/wp-content\/uploads\/2024\/08\/fordoktatas-768x477.png 768w, https:\/\/csillagautosuli.hu\/wp-content\/uploads\/2024\/08\/fordoktatas-1536x953.png 1536w, https:\/\/csillagautosuli.hu\/wp-content\/uploads\/2024\/08\/fordoktatas-2048x1271.png 2048w\" sizes=\"auto, (max-width: 1024px) 100vw, 1024px\" \/><\/figure>\n\n\n\n<div style=\"height:64px\" aria-hidden=\"true\" class=\"wp-block-spacer\"><\/div>\n<\/div>\n<\/div>\n<\/div>\n\n\n\n<p><\/p>\n","protected":false},"excerpt":{"rendered":"<p>K\u00e9pek a m\u00faltb\u00f3l \u00e9s a jelenb\u0151l<\/p>\n","protected":false},"author":1,"featured_media":0,"parent":0,"menu_order":0,"comment_status":"closed","ping_status":"closed","template":"","meta":{"footnotes":""},"class_list":["post-144","page","type-page","status-publish","hentry"],"_links":{"self":[{"href":"https:\/\/csillagautosuli.hu\/index.php?rest_route=\/wp\/v2\/pages\/144","targetHints":{"allow":["GET"]}}],"collection":[{"href":"https:\/\/csillagautosuli.hu\/index.php?rest_route=\/wp\/v2\/pages"}],"about":[{"href":"https:\/\/csillagautosuli.hu\/index.php?rest_route=\/wp\/v2\/types\/page"}],"author":[{"embeddable":true,"href":"https:\/\/csillagautosuli.hu\/index.php?rest_route=\/wp\/v2\/users\/1"}],"replies":[{"embeddable":true,"href":"https:\/\/csillagautosuli.hu\/index.php?rest_route=%2Fwp%2Fv2%2Fcomments&post=144"}],"version-history":[{"count":9,"href":"https:\/\/csillagautosuli.hu\/index.php?rest_route=\/wp\/v2\/pages\/144\/revisions"}],"predecessor-version":[{"id":267,"href":"https:\/\/csillagautosuli.hu\/index.php?rest_route=\/wp\/v2\/pages\/144\/revisions\/267"}],"wp:attachment":[{"href":"https:\/\/csillagautosuli.hu\/index.php?rest_route=%2Fwp%2Fv2%2Fmedia&parent=144"}],"curies":[{"name":"wp","href":"https:\/\/api.w.org\/{rel}","templated":true}]}}